{"id":8,"date":"2020-10-18T13:07:58","date_gmt":"2020-10-18T13:07:58","guid":{"rendered":"https:\/\/impactbeautyofficial.com\/?page_id=8"},"modified":"2025-10-14T08:00:48","modified_gmt":"2025-10-14T13:00:48","slug":"about","status":"publish","type":"page","link":"https:\/\/www.impactbeautyofficial.com\/en\/about\/","title":{"rendered":"About"},"content":{"rendered":"<div data-elementor-type=\"wp-page\" data-elementor-id=\"8\" class=\"elementor elementor-8\">\n\t\t\t\t\t\t<section class=\"elementor-section elementor-top-section elementor-element elementor-element-ae248c4 elementor-section-full_width elementor-section-height-default elementor-section-height-default\" data-id=\"ae248c4\" data-element_type=\"section\" data-settings=\"{&quot;background_background&quot;:&quot;slideshow&quot;,&quot;background_slideshow_gallery&quot;:[],&quot;background_slideshow_loop&quot;:&quot;yes&quot;,&quot;background_slideshow_slide_duration&quot;:5000,&quot;background_slideshow_slide_transition&quot;:&quot;fade&quot;,&quot;background_slideshow_transition_duration&quot;:500}\">\n\t\t\t\t\t\t<div class=\"elementor-container elementor-column-gap-no\">\n\t\t\t\t\t<div class=\"elementor-column elementor-col-100 elementor-top-column elementor-element elementor-element-6b92c4e\" data-id=\"6b92c4e\" data-element_type=\"column\">\n\t\t\t<div class=\"elementor-widget-wrap elementor-element-populated\">\n\t\t\t\t\t\t<div class=\"elementor-element elementor-element-b369bce elementor-widget elementor-widget-ideapark-page-header\" data-id=\"b369bce\" data-element_type=\"widget\" data-widget_type=\"ideapark-page-header.default\">\n\t\t\t\t<div class=\"elementor-widget-container\">\n\t\t\t\t\t\t<header\n\t\tclass=\"l-section c-page-header c-page-header--header-type-1 c-page-header--default c-page-header--low\"\n\t\t>\n\n\t\t\t\t\t<div class=\"c-page-header__wrap\">\n\t\t\t\t\t\t\t\t\t<h1 class=\"c-page-header__title\">Impact Beauty<\/h1>\n\t\t\t\t\t\t\t<\/div>\n\t\t\t\t<nav aria-label=\"breadcrumbs\" class=\"c-breadcrumbs c-breadcrumbs--yoast\"><ol class=\"c-breadcrumbs__list\"><li class=\"c-breadcrumbs__item c-breadcrumbs__item--wc\"><span><span><a href=\"https:\/\/www.impactbeautyofficial.com\/en\/\">Home<\/a><\/span><\/span><\/li><\/ol><\/nav>\t<\/header>\n\t\t\t\t<\/div>\n\t\t\t\t<\/div>\n\t\t\t\t\t<\/div>\n\t\t<\/div>\n\t\t\t\t\t<\/div>\n\t\t<\/section>\n\t\t\t\t<section class=\"elementor-section elementor-top-section elementor-element elementor-element-f7b080a elementor-section-full_width elementor-section-height-default elementor-section-height-default\" data-id=\"f7b080a\" data-element_type=\"section\">\n\t\t\t\t\t\t<div class=\"elementor-container elementor-column-gap-no\">\n\t\t\t\t\t<div class=\"elementor-column elementor-col-100 elementor-top-column elementor-element elementor-element-484697d\" data-id=\"484697d\" data-element_type=\"column\">\n\t\t\t<div class=\"elementor-widget-wrap elementor-element-populated\">\n\t\t\t\t\t\t<div class=\"elementor-element elementor-element-91fe4a5 elementor-widget elementor-widget-ideapark-heading\" data-id=\"91fe4a5\" data-element_type=\"widget\" data-widget_type=\"ideapark-heading.default\">\n\t\t\t\t<div class=\"elementor-widget-container\">\n\t\t\t\t\t<div class=\"c-ip-heading c-ip-heading--small c-ip-heading--center c-ip-heading--bullet-after\"><span class=\"c-ip-heading__inner\">About<\/span><\/div>\t\t\t\t<\/div>\n\t\t\t\t<\/div>\n\t\t\t\t<div class=\"elementor-element elementor-element-4fbfb12 elementor-widget elementor-widget-ideapark-heading\" data-id=\"4fbfb12\" data-element_type=\"widget\" data-widget_type=\"ideapark-heading.default\">\n\t\t\t\t<div class=\"elementor-widget-container\">\n\t\t\t\t\t<div class=\"c-ip-heading c-ip-heading--medium c-ip-heading--center c-ip-heading--bullet-hide\"><span class=\"c-ip-heading__inner\">Us<\/span><\/div>\t\t\t\t<\/div>\n\t\t\t\t<\/div>\n\t\t\t\t<section class=\"elementor-section elementor-inner-section elementor-element elementor-element-2943bc4 elementor-section-boxed elementor-section-height-default elementor-section-height-default\" data-id=\"2943bc4\" data-element_type=\"section\">\n\t\t\t\t\t\t<div class=\"elementor-container elementor-column-gap-no\">\n\t\t\t\t\t<div class=\"elementor-column elementor-col-50 elementor-inner-column elementor-element elementor-element-9fbe0ef\" data-id=\"9fbe0ef\" data-element_type=\"column\">\n\t\t\t<div class=\"elementor-widget-wrap elementor-element-populated\">\n\t\t\t\t\t\t<div class=\"elementor-element elementor-element-bc4e9cd elementor-widget elementor-widget-ideapark-heading\" data-id=\"bc4e9cd\" data-element_type=\"widget\" data-widget_type=\"ideapark-heading.default\">\n\t\t\t\t<div class=\"elementor-widget-container\">\n\t\t\t\t\t<div class=\"c-ip-heading c-ip-heading--default c-ip-heading--left c-ip-heading--bullet-hide\"><span class=\"c-ip-heading__inner\">Impact Beauty naci\u00f3 en el a\u00f1o 2018 en Miami, Florida, de la mano de la Periodista y Asesora de Imagen <b>Mar\u00eda Fernanda Meza<\/b>, quien se inspir\u00f3 en crear cosm\u00e9ticos y cremas para el cuidado de la piel dise\u00f1ados para todas las mujeres, sin importar su tipo de piel, tono u origen.<\/span><\/div>\t\t\t\t<\/div>\n\t\t\t\t<\/div>\n\t\t\t\t\t<\/div>\n\t\t<\/div>\n\t\t\t\t<div class=\"elementor-column elementor-col-50 elementor-inner-column elementor-element elementor-element-4f469bf\" data-id=\"4f469bf\" data-element_type=\"column\">\n\t\t\t<div class=\"elementor-widget-wrap elementor-element-populated\">\n\t\t\t\t\t\t<div class=\"elementor-element elementor-element-8c1e177 elementor-widget elementor-widget-ideapark-heading\" data-id=\"8c1e177\" data-element_type=\"widget\" data-widget_type=\"ideapark-heading.default\">\n\t\t\t\t<div class=\"elementor-widget-container\">\n\t\t\t\t\t<div class=\"c-ip-heading c-ip-heading--default c-ip-heading--left c-ip-heading--bullet-hide\"><span class=\"c-ip-heading__inner\">Hoy, Impact Beauty es elegida por mujeres de diferentes partes del mundo porque su prop\u00f3sito es aumentar la confianza, resaltar la belleza natural y recordarte que cada d\u00eda puedes ser tu mejor versi\u00f3n.<br \/>\nCon Impact Beauty, cada ma\u00f1ana comienzas mir\u00e1ndote al espejo con seguridad, brillo y poder propio. <\/span><\/div>\t\t\t\t<\/div>\n\t\t\t\t<\/div>\n\t\t\t\t\t<\/div>\n\t\t<\/div>\n\t\t\t\t\t<\/div>\n\t\t<\/section>\n\t\t\t\t\t<\/div>\n\t\t<\/div>\n\t\t\t\t\t<\/div>\n\t\t<\/section>\n\t\t\t\t<section class=\"elementor-section elementor-top-section elementor-element elementor-element-d5aa12f h-banner-1 elementor-section-boxed elementor-section-height-default elementor-section-height-default\" data-id=\"d5aa12f\" data-element_type=\"section\" data-settings=\"{&quot;background_background&quot;:&quot;classic&quot;}\">\n\t\t\t\t\t\t<div class=\"elementor-container elementor-column-gap-no\">\n\t\t\t\t\t<div class=\"elementor-column elementor-col-50 elementor-top-column elementor-element elementor-element-b62dc98 h-banner-1__column-left\" data-id=\"b62dc98\" data-element_type=\"column\" data-settings=\"{&quot;background_background&quot;:&quot;classic&quot;}\">\n\t\t\t<div class=\"elementor-widget-wrap elementor-element-populated\">\n\t\t\t\t\t\t<div class=\"elementor-element elementor-element-9661e9e elementor-widget elementor-widget-spacer\" data-id=\"9661e9e\" data-element_type=\"widget\" data-widget_type=\"spacer.default\">\n\t\t\t\t<div class=\"elementor-widget-container\">\n\t\t\t\t\t\t\t<div class=\"elementor-spacer\">\n\t\t\t<div class=\"elementor-spacer-inner\"><\/div>\n\t\t<\/div>\n\t\t\t\t\t\t<\/div>\n\t\t\t\t<\/div>\n\t\t\t\t\t<\/div>\n\t\t<\/div>\n\t\t\t\t<div class=\"elementor-column elementor-col-50 elementor-top-column elementor-element elementor-element-c6794bc\" data-id=\"c6794bc\" data-element_type=\"column\" data-settings=\"{&quot;background_background&quot;:&quot;classic&quot;}\">\n\t\t\t<div class=\"elementor-widget-wrap elementor-element-populated\">\n\t\t\t\t\t\t<div class=\"elementor-element elementor-element-c2649d2 elementor-widget elementor-widget-ideapark-heading\" data-id=\"c2649d2\" data-element_type=\"widget\" data-widget_type=\"ideapark-heading.default\">\n\t\t\t\t<div class=\"elementor-widget-container\">\n\t\t\t\t\t<div class=\"c-ip-heading c-ip-heading--small c-ip-heading--center c-ip-heading--bullet-after\"><span class=\"c-ip-heading__inner\">Greetings from our<\/span><\/div>\t\t\t\t<\/div>\n\t\t\t\t<\/div>\n\t\t\t\t<div class=\"elementor-element elementor-element-29ffde5 elementor-widget elementor-widget-ideapark-heading\" data-id=\"29ffde5\" data-element_type=\"widget\" data-widget_type=\"ideapark-heading.default\">\n\t\t\t\t<div class=\"elementor-widget-container\">\n\t\t\t\t\t<div class=\"c-ip-heading c-ip-heading--medium c-ip-heading--center c-ip-heading--bullet-hide\"><span class=\"c-ip-heading__inner\">CEO<\/span><\/div>\t\t\t\t<\/div>\n\t\t\t\t<\/div>\n\t\t\t\t<div class=\"elementor-element elementor-element-90893ef elementor-widget elementor-widget-ideapark-heading\" data-id=\"90893ef\" data-element_type=\"widget\" data-widget_type=\"ideapark-heading.default\">\n\t\t\t\t<div class=\"elementor-widget-container\">\n\t\t\t\t\t<div class=\"c-ip-heading c-ip-heading--default c-ip-heading--justify c-ip-heading--bullet-hide\"><span class=\"c-ip-heading__inner\">I have always believed that true beauty comes from care, awareness, and nature. This brand was born from my desire to create products that not only enhance beauty but also nourish the skin and respect its balance. Each formula is inspired by ingredients I have loved and used for years: petals, essential oils, minerals, and extracts that care gently and with purpose.<br \/>\n<br \/>\nMore than makeup or skincare, this brand is an invitation to turn your routine into a personal ritual. I want each product to make you feel good about yourself, to reflect your natural light, and to accompany you day by day with love, quality, and honesty. Thank you for being part of this journey.<\/span><\/div>\t\t\t\t<\/div>\n\t\t\t\t<\/div>\n\t\t\t\t\t<\/div>\n\t\t<\/div>\n\t\t\t\t\t<\/div>\n\t\t<\/section>\n\t\t\t\t<section class=\"elementor-section elementor-top-section elementor-element elementor-element-542f32c elementor-section-full_width elementor-section-height-default elementor-section-height-default\" data-id=\"542f32c\" data-element_type=\"section\" data-settings=\"{&quot;background_background&quot;:&quot;classic&quot;}\">\n\t\t\t\t\t\t<div class=\"elementor-container elementor-column-gap-no\">\n\t\t\t\t\t<div class=\"elementor-column elementor-col-100 elementor-top-column elementor-element elementor-element-de2cdd8\" data-id=\"de2cdd8\" data-element_type=\"column\">\n\t\t\t<div class=\"elementor-widget-wrap elementor-element-populated\">\n\t\t\t\t\t\t<div class=\"elementor-element elementor-element-5254ab8 elementor-absolute elementor-widget__width-auto elementor-widget elementor-widget-image\" data-id=\"5254ab8\" data-element_type=\"widget\" data-settings=\"{&quot;_position&quot;:&quot;absolute&quot;}\" data-widget_type=\"image.default\">\n\t\t\t\t<div class=\"elementor-widget-container\">\n\t\t\t\t\t\t\t\t\t\t\t\t\t\t\t<img loading=\"lazy\" decoding=\"async\" width=\"341\" height=\"246\" src=\"https:\/\/www.impactbeautyofficial.com\/wp-content\/uploads\/2020\/10\/luchiana-2242231634.png\" class=\"attachment-full size-full wp-image-240\" alt=\"\" srcset=\"https:\/\/www.impactbeautyofficial.com\/wp-content\/uploads\/2020\/10\/luchiana-2242231634.png 341w, https:\/\/www.impactbeautyofficial.com\/wp-content\/uploads\/2020\/10\/luchiana-2242231634-201x145.png 201w\" sizes=\"auto, (max-width: 341px) 100vw, 341px\" \/>\t\t\t\t\t\t\t\t\t\t\t\t\t\t\t<\/div>\n\t\t\t\t<\/div>\n\t\t\t\t<div class=\"elementor-element elementor-element-5a826ba elementor-widget elementor-widget-ideapark-icon-list-1\" data-id=\"5a826ba\" data-element_type=\"widget\" data-widget_type=\"ideapark-icon-list-1.default\">\n\t\t\t\t<div class=\"elementor-widget-container\">\n\t\t\t\t\t\t\t<div class=\"c-ip-icon-list-1\">\n\t\t\t<ul class=\"c-ip-icon-list-1__list\">\n\t\t\t\t\t\t\t\t\t\t\t\t\t\t<li class=\"c-ip-icon-list-1__item\">\n\t\t\t\t\t\t\t\t\t\t\t\t\t<i aria-hidden=\"true\" class=\"c-ip-icon-list-1__icon fibd21- fi-bd21-natural\"><\/i>\t\t\t\t\t\t\t\t\t\t\t\t\t\t\t\t\t\t\t<div class=\"c-ip-icon-list-1__title\">All natural<\/div>\n\t\t\t\t\t\t\t<i class=\"ip-romb c-ip-icon-list-1__romb\"><\/i>\n\t\t\t\t\t\t\t\t\t\t\t\t\t\t\t\t\t\t\t<div class=\"c-ip-icon-list-1__description\">Our makeup and skincare line is made with natural and mineral-based ingredients, designed to nourish, protect, and enhance your beauty\u2014without harsh chemicals.<\/div>\n\t\t\t\t\t\t\n\t\t\t\t\t\t\t\t\t\t\t\t\t\t\t\t\t<\/li>\n\t\t\t\t\t\t\t\t\t\t\t\t\t\t<li class=\"c-ip-icon-list-1__item\">\n\t\t\t\t\t\t\t\t\t\t\t\t\t<i aria-hidden=\"true\" class=\"c-ip-icon-list-1__icon fibd21- fi-bd21-crown\"><\/i>\t\t\t\t\t\t\t\t\t\t\t\t\t\t\t\t\t\t\t<div class=\"c-ip-icon-list-1__title\">Sustainable Quality<\/div>\n\t\t\t\t\t\t\t<i class=\"ip-romb c-ip-icon-list-1__romb\"><\/i>\n\t\t\t\t\t\t\t\t\t\t\t\t\t\t\t\t\t\t\t<div class=\"c-ip-icon-list-1__description\">Our products are suitable for all skin types, even the most sensitive. They won\u2019t clog pores or cause irritation. Their natural ingredients care for your skin\u2014and the planet.<\/div>\n\t\t\t\t\t\t\n\t\t\t\t\t\t\t\t\t\t\t\t\t\t\t\t\t<\/li>\n\t\t\t\t\t\t\t\t\t\t\t\t\t\t<li class=\"c-ip-icon-list-1__item\">\n\t\t\t\t\t\t\t\t\t\t\t\t\t<i aria-hidden=\"true\" class=\"c-ip-icon-list-1__icon far fa-star\"><\/i>\t\t\t\t\t\t\t\t\t\t\t\t\t\t\t\t\t\t\t<div class=\"c-ip-icon-list-1__title\">Our Brand<\/div>\n\t\t\t\t\t\t\t<i class=\"ip-romb c-ip-icon-list-1__romb\"><\/i>\n\t\t\t\t\t\t\t\t\t\t\t\t\t\t\t\t\t\t\t<div class=\"c-ip-icon-list-1__description\">We are a brand that sparks passion in beauty lovers and the curious alike\u2014their first destination for products and guidance to take their beauty to the next level.<\/div>\n\t\t\t\t\t\t\n\t\t\t\t\t\t\t\t\t\t\t\t\t\t\t\t\t<\/li>\n\t\t\t\t\t\t\t<\/ul>\n\t\t<\/div>\n\t\t\t\t\t\t<\/div>\n\t\t\t\t<\/div>\n\t\t\t\t<div class=\"elementor-element elementor-element-f2808b7 elementor-widget__width-initial elementor-absolute elementor-widget elementor-widget-image\" data-id=\"f2808b7\" data-element_type=\"widget\" data-settings=\"{&quot;_position&quot;:&quot;absolute&quot;}\" data-widget_type=\"image.default\">\n\t\t\t\t<div class=\"elementor-widget-container\">\n\t\t\t\t\t\t\t\t\t\t\t\t\t\t\t<img loading=\"lazy\" decoding=\"async\" width=\"162\" height=\"147\" src=\"https:\/\/www.impactbeautyofficial.com\/wp-content\/uploads\/2020\/10\/luchiana-2359558945.png\" class=\"attachment-full size-full wp-image-334\" alt=\"\" srcset=\"https:\/\/www.impactbeautyofficial.com\/wp-content\/uploads\/2020\/10\/luchiana-2359558945.png 162w, https:\/\/www.impactbeautyofficial.com\/wp-content\/uploads\/2020\/10\/luchiana-2359558945-160x145.png 160w\" sizes=\"auto, (max-width: 162px) 100vw, 162px\" \/>\t\t\t\t\t\t\t\t\t\t\t\t\t\t\t<\/div>\n\t\t\t\t<\/div>\n\t\t\t\t\t<\/div>\n\t\t<\/div>\n\t\t\t\t\t<\/div>\n\t\t<\/section>\n\t\t\t\t<\/div>","protected":false},"excerpt":{"rendered":"<p>Impact Beauty Home Sobre Nosotros Impact Beauty naci\u00f3 en el a\u00f1o 2018 en Miami, Florida, de la mano de la Periodista y&hellip;<\/p>","protected":false},"author":4,"featured_media":0,"parent":0,"menu_order":0,"comment_status":"closed","ping_status":"closed","template":"elementor_header_footer","meta":{"nf_dc_page":"","footnotes":""},"class_list":["post-8","page","type-page","status-publish","hentry"],"yoast_head":"<!-- This site is optimized with the Yoast SEO plugin v26.9 - https:\/\/yoast.com\/product\/yoast-seo-wordpress\/ -->\n<title>Acerca - Impact Beauty | Maquillaje Profesional Vegano &amp; Cruelty Free<\/title>\n<meta name=\"robots\" content=\"index, follow, max-snippet:-1, max-image-preview:large, max-video-preview:-1\" \/>\n<link rel=\"canonical\" href=\"https:\/\/www.impactbeautyofficial.com\/en\/about\/\" \/>\n<meta property=\"og:locale\" content=\"en_US\" \/>\n<meta property=\"og:type\" content=\"article\" \/>\n<meta property=\"og:title\" content=\"Acerca - Impact Beauty | Maquillaje Profesional Vegano &amp; Cruelty Free\" \/>\n<meta property=\"og:description\" content=\"Impact Beauty Home Sobre Nosotros Impact Beauty naci\u00f3 en el a\u00f1o 2018 en Miami, Florida, de la mano de la Periodista y&hellip;\" \/>\n<meta property=\"og:url\" content=\"https:\/\/www.impactbeautyofficial.com\/en\/about\/\" \/>\n<meta property=\"og:site_name\" content=\"Impact Beauty | Maquillaje Profesional Vegano &amp; Cruelty Free\" \/>\n<meta property=\"article:modified_time\" content=\"2025-10-14T13:00:48+00:00\" \/>\n<meta property=\"og:image\" content=\"https:\/\/www.impactbeautyofficial.com\/wp-content\/uploads\/2020\/10\/luchiana-2242231634.png\" \/>\n<meta name=\"twitter:card\" content=\"summary_large_image\" \/>\n<meta name=\"twitter:label1\" content=\"Est. reading time\" \/>\n\t<meta name=\"twitter:data1\" content=\"2 minutes\" \/>\n<script type=\"application\/ld+json\" class=\"yoast-schema-graph\">{\"@context\":\"https:\/\/schema.org\",\"@graph\":[{\"@type\":\"WebPage\",\"@id\":\"https:\/\/www.impactbeautyofficial.com\/about\/\",\"url\":\"https:\/\/www.impactbeautyofficial.com\/about\/\",\"name\":\"Acerca - Impact Beauty | Maquillaje Profesional Vegano &amp; Cruelty Free\",\"isPartOf\":{\"@id\":\"https:\/\/www.impactbeautyofficial.com\/#website\"},\"primaryImageOfPage\":{\"@id\":\"https:\/\/www.impactbeautyofficial.com\/about\/#primaryimage\"},\"image\":{\"@id\":\"https:\/\/www.impactbeautyofficial.com\/about\/#primaryimage\"},\"thumbnailUrl\":\"https:\/\/www.impactbeautyofficial.com\/wp-content\/uploads\/2020\/10\/luchiana-2242231634.png\",\"datePublished\":\"2020-10-18T13:07:58+00:00\",\"dateModified\":\"2025-10-14T13:00:48+00:00\",\"breadcrumb\":{\"@id\":\"https:\/\/www.impactbeautyofficial.com\/about\/#breadcrumb\"},\"inLanguage\":\"en-US\",\"potentialAction\":[{\"@type\":\"ReadAction\",\"target\":[\"https:\/\/www.impactbeautyofficial.com\/about\/\"]}]},{\"@type\":\"ImageObject\",\"inLanguage\":\"en-US\",\"@id\":\"https:\/\/www.impactbeautyofficial.com\/about\/#primaryimage\",\"url\":\"https:\/\/www.impactbeautyofficial.com\/wp-content\/uploads\/2020\/10\/luchiana-2242231634.png\",\"contentUrl\":\"https:\/\/www.impactbeautyofficial.com\/wp-content\/uploads\/2020\/10\/luchiana-2242231634.png\"},{\"@type\":\"BreadcrumbList\",\"@id\":\"https:\/\/www.impactbeautyofficial.com\/about\/#breadcrumb\",\"itemListElement\":[{\"@type\":\"ListItem\",\"position\":1,\"name\":\"Home\",\"item\":\"https:\/\/www.impactbeautyofficial.com\/\"},{\"@type\":\"ListItem\",\"position\":2,\"name\":\"Acerca\"}]},{\"@type\":\"WebSite\",\"@id\":\"https:\/\/www.impactbeautyofficial.com\/#website\",\"url\":\"https:\/\/www.impactbeautyofficial.com\/\",\"name\":\"Impact Beauty | Maquillaje Profesional Vegano &amp; Cruelty Free\",\"description\":\"\",\"publisher\":{\"@id\":\"https:\/\/www.impactbeautyofficial.com\/#organization\"},\"potentialAction\":[{\"@type\":\"SearchAction\",\"target\":{\"@type\":\"EntryPoint\",\"urlTemplate\":\"https:\/\/www.impactbeautyofficial.com\/?s={search_term_string}\"},\"query-input\":{\"@type\":\"PropertyValueSpecification\",\"valueRequired\":true,\"valueName\":\"search_term_string\"}}],\"inLanguage\":\"en-US\"},{\"@type\":\"Organization\",\"@id\":\"https:\/\/www.impactbeautyofficial.com\/#organization\",\"name\":\"Impact Beauty | Maquillaje Profesional Vegano &amp; Cruelty Free\",\"url\":\"https:\/\/www.impactbeautyofficial.com\/\",\"logo\":{\"@type\":\"ImageObject\",\"inLanguage\":\"en-US\",\"@id\":\"https:\/\/www.impactbeautyofficial.com\/#\/schema\/logo\/image\/\",\"url\":\"https:\/\/www.impactbeautyofficial.com\/wp-content\/uploads\/2024\/06\/cropped-logoImpactNew.png\",\"contentUrl\":\"https:\/\/www.impactbeautyofficial.com\/wp-content\/uploads\/2024\/06\/cropped-logoImpactNew.png\",\"width\":743,\"height\":295,\"caption\":\"Impact Beauty | Maquillaje Profesional Vegano &amp; Cruelty Free\"},\"image\":{\"@id\":\"https:\/\/www.impactbeautyofficial.com\/#\/schema\/logo\/image\/\"}}]}<\/script>\n<!-- \/ Yoast SEO plugin. -->","yoast_head_json":{"title":"Acerca - Impact Beauty | Maquillaje Profesional Vegano &amp; Cruelty Free","robots":{"index":"index","follow":"follow","max-snippet":"max-snippet:-1","max-image-preview":"max-image-preview:large","max-video-preview":"max-video-preview:-1"},"canonical":"https:\/\/www.impactbeautyofficial.com\/en\/about\/","og_locale":"en_US","og_type":"article","og_title":"Acerca - Impact Beauty | Maquillaje Profesional Vegano &amp; Cruelty Free","og_description":"Impact Beauty Home Sobre Nosotros Impact Beauty naci\u00f3 en el a\u00f1o 2018 en Miami, Florida, de la mano de la Periodista y&hellip;","og_url":"https:\/\/www.impactbeautyofficial.com\/en\/about\/","og_site_name":"Impact Beauty | Maquillaje Profesional Vegano &amp; Cruelty Free","article_modified_time":"2025-10-14T13:00:48+00:00","og_image":[{"url":"https:\/\/www.impactbeautyofficial.com\/wp-content\/uploads\/2020\/10\/luchiana-2242231634.png","type":"","width":"","height":""}],"twitter_card":"summary_large_image","twitter_misc":{"Est. reading time":"2 minutes"},"schema":{"@context":"https:\/\/schema.org","@graph":[{"@type":"WebPage","@id":"https:\/\/www.impactbeautyofficial.com\/about\/","url":"https:\/\/www.impactbeautyofficial.com\/about\/","name":"Acerca - Impact Beauty | Maquillaje Profesional Vegano &amp; Cruelty Free","isPartOf":{"@id":"https:\/\/www.impactbeautyofficial.com\/#website"},"primaryImageOfPage":{"@id":"https:\/\/www.impactbeautyofficial.com\/about\/#primaryimage"},"image":{"@id":"https:\/\/www.impactbeautyofficial.com\/about\/#primaryimage"},"thumbnailUrl":"https:\/\/www.impactbeautyofficial.com\/wp-content\/uploads\/2020\/10\/luchiana-2242231634.png","datePublished":"2020-10-18T13:07:58+00:00","dateModified":"2025-10-14T13:00:48+00:00","breadcrumb":{"@id":"https:\/\/www.impactbeautyofficial.com\/about\/#breadcrumb"},"inLanguage":"en-US","potentialAction":[{"@type":"ReadAction","target":["https:\/\/www.impactbeautyofficial.com\/about\/"]}]},{"@type":"ImageObject","inLanguage":"en-US","@id":"https:\/\/www.impactbeautyofficial.com\/about\/#primaryimage","url":"https:\/\/www.impactbeautyofficial.com\/wp-content\/uploads\/2020\/10\/luchiana-2242231634.png","contentUrl":"https:\/\/www.impactbeautyofficial.com\/wp-content\/uploads\/2020\/10\/luchiana-2242231634.png"},{"@type":"BreadcrumbList","@id":"https:\/\/www.impactbeautyofficial.com\/about\/#breadcrumb","itemListElement":[{"@type":"ListItem","position":1,"name":"Home","item":"https:\/\/www.impactbeautyofficial.com\/"},{"@type":"ListItem","position":2,"name":"Acerca"}]},{"@type":"WebSite","@id":"https:\/\/www.impactbeautyofficial.com\/#website","url":"https:\/\/www.impactbeautyofficial.com\/","name":"Impact Beauty | Maquillaje Profesional Vegano &amp; Cruelty Free","description":"","publisher":{"@id":"https:\/\/www.impactbeautyofficial.com\/#organization"},"potentialAction":[{"@type":"SearchAction","target":{"@type":"EntryPoint","urlTemplate":"https:\/\/www.impactbeautyofficial.com\/?s={search_term_string}"},"query-input":{"@type":"PropertyValueSpecification","valueRequired":true,"valueName":"search_term_string"}}],"inLanguage":"en-US"},{"@type":"Organization","@id":"https:\/\/www.impactbeautyofficial.com\/#organization","name":"Impact Beauty | Maquillaje Profesional Vegano &amp; Cruelty Free","url":"https:\/\/www.impactbeautyofficial.com\/","logo":{"@type":"ImageObject","inLanguage":"en-US","@id":"https:\/\/www.impactbeautyofficial.com\/#\/schema\/logo\/image\/","url":"https:\/\/www.impactbeautyofficial.com\/wp-content\/uploads\/2024\/06\/cropped-logoImpactNew.png","contentUrl":"https:\/\/www.impactbeautyofficial.com\/wp-content\/uploads\/2024\/06\/cropped-logoImpactNew.png","width":743,"height":295,"caption":"Impact Beauty | Maquillaje Profesional Vegano &amp; Cruelty Free"},"image":{"@id":"https:\/\/www.impactbeautyofficial.com\/#\/schema\/logo\/image\/"}}]}},"_links":{"self":[{"href":"https:\/\/www.impactbeautyofficial.com\/en\/wp-json\/wp\/v2\/pages\/8","targetHints":{"allow":["GET"]}}],"collection":[{"href":"https:\/\/www.impactbeautyofficial.com\/en\/wp-json\/wp\/v2\/pages"}],"about":[{"href":"https:\/\/www.impactbeautyofficial.com\/en\/wp-json\/wp\/v2\/types\/page"}],"author":[{"embeddable":true,"href":"https:\/\/www.impactbeautyofficial.com\/en\/wp-json\/wp\/v2\/users\/4"}],"replies":[{"embeddable":true,"href":"https:\/\/www.impactbeautyofficial.com\/en\/wp-json\/wp\/v2\/comments?post=8"}],"version-history":[{"count":20,"href":"https:\/\/www.impactbeautyofficial.com\/en\/wp-json\/wp\/v2\/pages\/8\/revisions"}],"predecessor-version":[{"id":23422,"href":"https:\/\/www.impactbeautyofficial.com\/en\/wp-json\/wp\/v2\/pages\/8\/revisions\/23422"}],"wp:attachment":[{"href":"https:\/\/www.impactbeautyofficial.com\/en\/wp-json\/wp\/v2\/media?parent=8"}],"curies":[{"name":"wp","href":"https:\/\/api.w.org\/{rel}","templated":true}]}}