{"id":22152,"date":"2023-10-09T22:10:53","date_gmt":"2023-10-09T22:10:53","guid":{"rendered":"https:\/\/impactbeautyofficial.com\/?post_type=product&#038;p=22152"},"modified":"2025-09-06T06:47:37","modified_gmt":"2025-09-06T11:47:37","slug":"permanent-lipstick","status":"publish","type":"product","link":"https:\/\/www.impactbeautyofficial.com\/en\/shop\/permanent-lipstick\/","title":{"rendered":"Permanent Lipstick"},"content":{"rendered":"<p>Labial con f\u00f3rmula a prueba de agua, contiene Vitamina E y C para un efecto hidratante.<\/p>\n<p>8 horas de duraci\u00f3n, de aplicaci\u00f3n suave y cremosa, con alta intensidad de color.<\/p>","protected":false},"excerpt":{"rendered":"<p>Long-lasting intense color with a waterproof formula. Enriched with vitamins E and C for hydrated lips up to 8 hours. Smooth, creamy application.<\/p>","protected":false},"featured_media":23126,"template":"","meta":{"nf_dc_page":""},"product_brand":[123],"product_cat":[56],"product_tag":[],"class_list":{"0":"post-22152","1":"product","2":"type-product","3":"status-publish","4":"has-post-thumbnail","6":"product_brand-impact-beauty","7":"product_cat-labios","9":"first","10":"instock","11":"sale","12":"taxable","13":"shipping-taxable","14":"purchasable","15":"product-type-variable"},"yoast_head":"<!-- This site is optimized with the Yoast SEO plugin v26.9 - https:\/\/yoast.com\/product\/yoast-seo-wordpress\/ -->\n<title>Permanent Lipstick - Impact Beauty | Maquillaje Profesional Vegano &amp; Cruelty Free<\/title>\n<meta name=\"robots\" content=\"index, follow, max-snippet:-1, max-image-preview:large, max-video-preview:-1\" \/>\n<link rel=\"canonical\" href=\"https:\/\/www.impactbeautyofficial.com\/en\/shop\/permanent-lipstick\/\" \/>\n<meta property=\"og:locale\" content=\"en_US\" \/>\n<meta property=\"og:type\" content=\"article\" \/>\n<meta property=\"og:title\" content=\"Permanent Lipstick - Impact Beauty | Maquillaje Profesional Vegano &amp; Cruelty Free\" \/>\n<meta property=\"og:description\" content=\"Color intenso de larga duraci\u00f3n con f\u00f3rmula a prueba de agua. Enriquecido con vitaminas E y C para labios hidratados hasta por 8 horas. Aplicaci\u00f3n suave y cremosa.\" \/>\n<meta property=\"og:url\" content=\"https:\/\/www.impactbeautyofficial.com\/en\/shop\/permanent-lipstick\/\" \/>\n<meta property=\"og:site_name\" content=\"Impact Beauty | Maquillaje Profesional Vegano &amp; Cruelty Free\" \/>\n<meta property=\"article:modified_time\" content=\"2025-09-06T11:47:37+00:00\" \/>\n<meta property=\"og:image\" content=\"https:\/\/www.impactbeautyofficial.com\/wp-content\/uploads\/2023\/10\/permanentlipstick-1.jpg\" \/>\n\t<meta property=\"og:image:width\" content=\"1024\" \/>\n\t<meta property=\"og:image:height\" content=\"683\" \/>\n\t<meta property=\"og:image:type\" content=\"image\/jpeg\" \/>\n<meta name=\"twitter:card\" content=\"summary_large_image\" \/>\n<meta name=\"twitter:label1\" content=\"Est. reading time\" \/>\n\t<meta name=\"twitter:data1\" content=\"1 minute\" \/>\n<script type=\"application\/ld+json\" class=\"yoast-schema-graph\">{\"@context\":\"https:\/\/schema.org\",\"@graph\":[{\"@type\":\"WebPage\",\"@id\":\"https:\/\/www.impactbeautyofficial.com\/shop\/permanent-lipstick\/\",\"url\":\"https:\/\/www.impactbeautyofficial.com\/shop\/permanent-lipstick\/\",\"name\":\"Permanent Lipstick - Impact Beauty | Maquillaje Profesional Vegano &amp; Cruelty Free\",\"isPartOf\":{\"@id\":\"https:\/\/www.impactbeautyofficial.com\/#website\"},\"primaryImageOfPage\":{\"@id\":\"https:\/\/www.impactbeautyofficial.com\/shop\/permanent-lipstick\/#primaryimage\"},\"image\":{\"@id\":\"https:\/\/www.impactbeautyofficial.com\/shop\/permanent-lipstick\/#primaryimage\"},\"thumbnailUrl\":\"https:\/\/www.impactbeautyofficial.com\/wp-content\/uploads\/2023\/10\/permanentlipstick-1.jpg\",\"datePublished\":\"2023-10-09T22:10:53+00:00\",\"dateModified\":\"2025-09-06T11:47:37+00:00\",\"breadcrumb\":{\"@id\":\"https:\/\/www.impactbeautyofficial.com\/shop\/permanent-lipstick\/#breadcrumb\"},\"inLanguage\":\"en-US\",\"potentialAction\":[{\"@type\":\"ReadAction\",\"target\":[\"https:\/\/www.impactbeautyofficial.com\/shop\/permanent-lipstick\/\"]}]},{\"@type\":\"ImageObject\",\"inLanguage\":\"en-US\",\"@id\":\"https:\/\/www.impactbeautyofficial.com\/shop\/permanent-lipstick\/#primaryimage\",\"url\":\"https:\/\/www.impactbeautyofficial.com\/wp-content\/uploads\/2023\/10\/permanentlipstick-1.jpg\",\"contentUrl\":\"https:\/\/www.impactbeautyofficial.com\/wp-content\/uploads\/2023\/10\/permanentlipstick-1.jpg\",\"width\":1024,\"height\":683},{\"@type\":\"BreadcrumbList\",\"@id\":\"https:\/\/www.impactbeautyofficial.com\/shop\/permanent-lipstick\/#breadcrumb\",\"itemListElement\":[{\"@type\":\"ListItem\",\"position\":1,\"name\":\"Home\",\"item\":\"https:\/\/www.impactbeautyofficial.com\/\"},{\"@type\":\"ListItem\",\"position\":2,\"name\":\"Tienda\",\"item\":\"https:\/\/www.impactbeautyofficial.com\/shop\/\"},{\"@type\":\"ListItem\",\"position\":3,\"name\":\"Permanent Lipstick\"}]},{\"@type\":\"WebSite\",\"@id\":\"https:\/\/www.impactbeautyofficial.com\/#website\",\"url\":\"https:\/\/www.impactbeautyofficial.com\/\",\"name\":\"Impact Beauty | Maquillaje Profesional Vegano &amp; Cruelty Free\",\"description\":\"\",\"publisher\":{\"@id\":\"https:\/\/www.impactbeautyofficial.com\/#organization\"},\"potentialAction\":[{\"@type\":\"SearchAction\",\"target\":{\"@type\":\"EntryPoint\",\"urlTemplate\":\"https:\/\/www.impactbeautyofficial.com\/?s={search_term_string}\"},\"query-input\":{\"@type\":\"PropertyValueSpecification\",\"valueRequired\":true,\"valueName\":\"search_term_string\"}}],\"inLanguage\":\"en-US\"},{\"@type\":\"Organization\",\"@id\":\"https:\/\/www.impactbeautyofficial.com\/#organization\",\"name\":\"Impact Beauty | Maquillaje Profesional Vegano &amp; Cruelty Free\",\"url\":\"https:\/\/www.impactbeautyofficial.com\/\",\"logo\":{\"@type\":\"ImageObject\",\"inLanguage\":\"en-US\",\"@id\":\"https:\/\/www.impactbeautyofficial.com\/#\/schema\/logo\/image\/\",\"url\":\"https:\/\/www.impactbeautyofficial.com\/wp-content\/uploads\/2024\/06\/cropped-logoImpactNew.png\",\"contentUrl\":\"https:\/\/www.impactbeautyofficial.com\/wp-content\/uploads\/2024\/06\/cropped-logoImpactNew.png\",\"width\":743,\"height\":295,\"caption\":\"Impact Beauty | Maquillaje Profesional Vegano &amp; Cruelty Free\"},\"image\":{\"@id\":\"https:\/\/www.impactbeautyofficial.com\/#\/schema\/logo\/image\/\"}}]}<\/script>\n<!-- \/ Yoast SEO plugin. -->","yoast_head_json":{"title":"Permanent Lipstick - Impact Beauty | Maquillaje Profesional Vegano &amp; Cruelty Free","robots":{"index":"index","follow":"follow","max-snippet":"max-snippet:-1","max-image-preview":"max-image-preview:large","max-video-preview":"max-video-preview:-1"},"canonical":"https:\/\/www.impactbeautyofficial.com\/en\/shop\/permanent-lipstick\/","og_locale":"en_US","og_type":"article","og_title":"Permanent Lipstick - Impact Beauty | Maquillaje Profesional Vegano &amp; Cruelty Free","og_description":"Color intenso de larga duraci\u00f3n con f\u00f3rmula a prueba de agua. Enriquecido con vitaminas E y C para labios hidratados hasta por 8 horas. Aplicaci\u00f3n suave y cremosa.","og_url":"https:\/\/www.impactbeautyofficial.com\/en\/shop\/permanent-lipstick\/","og_site_name":"Impact Beauty | Maquillaje Profesional Vegano &amp; Cruelty Free","article_modified_time":"2025-09-06T11:47:37+00:00","og_image":[{"width":1024,"height":683,"url":"https:\/\/www.impactbeautyofficial.com\/wp-content\/uploads\/2023\/10\/permanentlipstick-1.jpg","type":"image\/jpeg"}],"twitter_card":"summary_large_image","twitter_misc":{"Est. reading time":"1 minute"},"schema":{"@context":"https:\/\/schema.org","@graph":[{"@type":"WebPage","@id":"https:\/\/www.impactbeautyofficial.com\/shop\/permanent-lipstick\/","url":"https:\/\/www.impactbeautyofficial.com\/shop\/permanent-lipstick\/","name":"Permanent Lipstick - Impact Beauty | Maquillaje Profesional Vegano &amp; Cruelty Free","isPartOf":{"@id":"https:\/\/www.impactbeautyofficial.com\/#website"},"primaryImageOfPage":{"@id":"https:\/\/www.impactbeautyofficial.com\/shop\/permanent-lipstick\/#primaryimage"},"image":{"@id":"https:\/\/www.impactbeautyofficial.com\/shop\/permanent-lipstick\/#primaryimage"},"thumbnailUrl":"https:\/\/www.impactbeautyofficial.com\/wp-content\/uploads\/2023\/10\/permanentlipstick-1.jpg","datePublished":"2023-10-09T22:10:53+00:00","dateModified":"2025-09-06T11:47:37+00:00","breadcrumb":{"@id":"https:\/\/www.impactbeautyofficial.com\/shop\/permanent-lipstick\/#breadcrumb"},"inLanguage":"en-US","potentialAction":[{"@type":"ReadAction","target":["https:\/\/www.impactbeautyofficial.com\/shop\/permanent-lipstick\/"]}]},{"@type":"ImageObject","inLanguage":"en-US","@id":"https:\/\/www.impactbeautyofficial.com\/shop\/permanent-lipstick\/#primaryimage","url":"https:\/\/www.impactbeautyofficial.com\/wp-content\/uploads\/2023\/10\/permanentlipstick-1.jpg","contentUrl":"https:\/\/www.impactbeautyofficial.com\/wp-content\/uploads\/2023\/10\/permanentlipstick-1.jpg","width":1024,"height":683},{"@type":"BreadcrumbList","@id":"https:\/\/www.impactbeautyofficial.com\/shop\/permanent-lipstick\/#breadcrumb","itemListElement":[{"@type":"ListItem","position":1,"name":"Home","item":"https:\/\/www.impactbeautyofficial.com\/"},{"@type":"ListItem","position":2,"name":"Tienda","item":"https:\/\/www.impactbeautyofficial.com\/shop\/"},{"@type":"ListItem","position":3,"name":"Permanent Lipstick"}]},{"@type":"WebSite","@id":"https:\/\/www.impactbeautyofficial.com\/#website","url":"https:\/\/www.impactbeautyofficial.com\/","name":"Impact Beauty | Maquillaje Profesional Vegano &amp; Cruelty Free","description":"","publisher":{"@id":"https:\/\/www.impactbeautyofficial.com\/#organization"},"potentialAction":[{"@type":"SearchAction","target":{"@type":"EntryPoint","urlTemplate":"https:\/\/www.impactbeautyofficial.com\/?s={search_term_string}"},"query-input":{"@type":"PropertyValueSpecification","valueRequired":true,"valueName":"search_term_string"}}],"inLanguage":"en-US"},{"@type":"Organization","@id":"https:\/\/www.impactbeautyofficial.com\/#organization","name":"Impact Beauty | Maquillaje Profesional Vegano &amp; Cruelty Free","url":"https:\/\/www.impactbeautyofficial.com\/","logo":{"@type":"ImageObject","inLanguage":"en-US","@id":"https:\/\/www.impactbeautyofficial.com\/#\/schema\/logo\/image\/","url":"https:\/\/www.impactbeautyofficial.com\/wp-content\/uploads\/2024\/06\/cropped-logoImpactNew.png","contentUrl":"https:\/\/www.impactbeautyofficial.com\/wp-content\/uploads\/2024\/06\/cropped-logoImpactNew.png","width":743,"height":295,"caption":"Impact Beauty | Maquillaje Profesional Vegano &amp; Cruelty Free"},"image":{"@id":"https:\/\/www.impactbeautyofficial.com\/#\/schema\/logo\/image\/"}}]}},"_links":{"self":[{"href":"https:\/\/www.impactbeautyofficial.com\/en\/wp-json\/wp\/v2\/product\/22152","targetHints":{"allow":["GET"]}}],"collection":[{"href":"https:\/\/www.impactbeautyofficial.com\/en\/wp-json\/wp\/v2\/product"}],"about":[{"href":"https:\/\/www.impactbeautyofficial.com\/en\/wp-json\/wp\/v2\/types\/product"}],"version-history":[{"count":2,"href":"https:\/\/www.impactbeautyofficial.com\/en\/wp-json\/wp\/v2\/product\/22152\/revisions"}],"predecessor-version":[{"id":23131,"href":"https:\/\/www.impactbeautyofficial.com\/en\/wp-json\/wp\/v2\/product\/22152\/revisions\/23131"}],"wp:featuredmedia":[{"embeddable":true,"href":"https:\/\/www.impactbeautyofficial.com\/en\/wp-json\/wp\/v2\/media\/23126"}],"wp:attachment":[{"href":"https:\/\/www.impactbeautyofficial.com\/en\/wp-json\/wp\/v2\/media?parent=22152"}],"wp:term":[{"taxonomy":"product_brand","embeddable":true,"href":"https:\/\/www.impactbeautyofficial.com\/en\/wp-json\/wp\/v2\/product_brand?post=22152"},{"taxonomy":"product_cat","embeddable":true,"href":"https:\/\/www.impactbeautyofficial.com\/en\/wp-json\/wp\/v2\/product_cat?post=22152"},{"taxonomy":"product_tag","embeddable":true,"href":"https:\/\/www.impactbeautyofficial.com\/en\/wp-json\/wp\/v2\/product_tag?post=22152"}],"curies":[{"name":"wp","href":"https:\/\/api.w.org\/{rel}","templated":true}]}}